{"id":126,"date":"2025-04-21T07:51:53","date_gmt":"2025-04-21T07:51:53","guid":{"rendered":"https:\/\/meetvalue.de\/?page_id=126"},"modified":"2025-04-21T10:49:33","modified_gmt":"2025-04-21T10:49:33","slug":"was-ist","status":"publish","type":"page","link":"https:\/\/meetvalue.de\/index.php\/was-ist\/","title":{"rendered":"Was ist"},"content":{"rendered":"\n<h2 class=\"wp-block-heading has-text-color has-link-color wp-elements-f887a141d967586cd6dda73ed0f286ef\" style=\"color:#bb3e3e\">Was ist MeetValue?<\/h2>\n\n\n\n<p><strong>Strukturierte Meetings. Klarere F\u00fchrung. Mehr Wirkung.<\/strong><\/p>\n\n\n\n<p>MeetValue ist ein Coachingansatz f\u00fcr F\u00fchrungskr\u00e4fte, die ihre Meetings  besser steuern und auch als Teil ihrer pers\u00f6nlichen F\u00fchrungsentwicklung nutzen m\u00f6chten.<\/p>\n\n\n\n<p>MeetValue ist Ihr Gespr\u00e4chspartner f\u00fcr bessere Strukturierungen Ihrer Meetings auf mehreren Ebenen.<\/p>\n\n\n\n<p>Gemeinsam reflektieren wir Ihre aktuelle Meetingpraxis. Daraus leiten wir konkrete Ver\u00e4nderungsschritte ab \u2013 individuell abgestimmt, strukturiert abgeleitet und zur praktische Erprobung.<\/p>\n\n\n\n<p><em>Ziel: Weniger Zeitverlust, mehr Beteiligung, bessere Ergebnisse.<\/em><\/p>\n\n\n\n<p><\/p>\n","protected":false},"excerpt":{"rendered":"<p>Was ist MeetValue? Strukturierte Meetings. Klarere F\u00fchrung. Mehr Wirkung. MeetValue ist ein Coachingansatz f\u00fcr F\u00fchrungskr\u00e4fte, die ihre Meetings besser steuern und auch als Teil ihrer pers\u00f6nlichen F\u00fchrungsentwicklung nutzen m\u00f6chten. MeetValue ist Ihr Gespr\u00e4chspartner f\u00fcr bessere Strukturierungen Ihrer Meetings auf mehreren Ebenen. Gemeinsam reflektieren wir Ihre aktuelle Meetingpraxis. Daraus leiten wir konkrete Ver\u00e4nderungsschritte ab \u2013 individuell [&hellip;]<\/p>\n","protected":false},"author":1,"featured_media":0,"parent":0,"menu_order":0,"comment_status":"closed","ping_status":"closed","template":"","meta":{"footnotes":""},"class_list":["post-126","page","type-page","status-publish","hentry"],"_links":{"self":[{"href":"https:\/\/meetvalue.de\/index.php\/wp-json\/wp\/v2\/pages\/126","targetHints":{"allow":["GET"]}}],"collection":[{"href":"https:\/\/meetvalue.de\/index.php\/wp-json\/wp\/v2\/pages"}],"about":[{"href":"https:\/\/meetvalue.de\/index.php\/wp-json\/wp\/v2\/types\/page"}],"author":[{"embeddable":true,"href":"https:\/\/meetvalue.de\/index.php\/wp-json\/wp\/v2\/users\/1"}],"replies":[{"embeddable":true,"href":"https:\/\/meetvalue.de\/index.php\/wp-json\/wp\/v2\/comments?post=126"}],"version-history":[{"count":3,"href":"https:\/\/meetvalue.de\/index.php\/wp-json\/wp\/v2\/pages\/126\/revisions"}],"predecessor-version":[{"id":169,"href":"https:\/\/meetvalue.de\/index.php\/wp-json\/wp\/v2\/pages\/126\/revisions\/169"}],"wp:attachment":[{"href":"https:\/\/meetvalue.de\/index.php\/wp-json\/wp\/v2\/media?parent=126"}],"curies":[{"name":"wp","href":"https:\/\/api.w.org\/{rel}","templated":true}]}}