{"id":139,"date":"2025-04-21T08:01:30","date_gmt":"2025-04-21T08:01:30","guid":{"rendered":"https:\/\/meetvalue.de\/?page_id=139"},"modified":"2025-05-03T09:50:59","modified_gmt":"2025-05-03T09:50:59","slug":"werkzeuge","status":"publish","type":"page","link":"https:\/\/meetvalue.de\/index.php\/werkzeuge\/","title":{"rendered":"Werkzeuge"},"content":{"rendered":"\n<h2 class=\"wp-block-heading has-text-color has-link-color wp-elements-efaa35913260769bac287426628b1a2d\" style=\"color:#bb3e3e\">Praxiserprobte Konzepte<\/h2>\n\n\n\n<p><strong>Tools &amp; Konzepte, die Ihre Meetingf\u00fchrung st\u00e4rken.<\/strong><\/p>\n\n\n\n<p>MeetValue bringt bew\u00e4hrte Methoden mit \u2013 und werden angepasst an Ihre F\u00fchrungspraxis.<\/p>\n\n\n\n<p>Sie erhalten konkrete Werkzeuge \/ Handhabungen, die sich direkt oder angepasst in Ihrem F\u00fchrungsalltag umsetzen lassen.<\/p>\n\n\n\n<p>Die klassischen 3 Phasen der Besprechungspraxis werden &#8211; je nach Situation &#8211; systematisch bearbeitet und erprobt.<\/p>\n\n\n\n<p><em>Die Konzepte passen sich Ihnen an \u2013 nicht umgekehrt.<\/em><\/p>\n\n\n\n<p><\/p>\n","protected":false},"excerpt":{"rendered":"<p>Praxiserprobte Konzepte Tools &amp; Konzepte, die Ihre Meetingf\u00fchrung st\u00e4rken. MeetValue bringt bew\u00e4hrte Methoden mit \u2013 und werden angepasst an Ihre F\u00fchrungspraxis. Sie erhalten konkrete Werkzeuge \/ Handhabungen, die sich direkt oder angepasst in Ihrem F\u00fchrungsalltag umsetzen lassen. Die klassischen 3 Phasen der Besprechungspraxis werden &#8211; je nach Situation &#8211; systematisch bearbeitet und erprobt. Die Konzepte [&hellip;]<\/p>\n","protected":false},"author":1,"featured_media":0,"parent":0,"menu_order":0,"comment_status":"closed","ping_status":"closed","template":"","meta":{"footnotes":""},"class_list":["post-139","page","type-page","status-publish","hentry"],"_links":{"self":[{"href":"https:\/\/meetvalue.de\/index.php\/wp-json\/wp\/v2\/pages\/139","targetHints":{"allow":["GET"]}}],"collection":[{"href":"https:\/\/meetvalue.de\/index.php\/wp-json\/wp\/v2\/pages"}],"about":[{"href":"https:\/\/meetvalue.de\/index.php\/wp-json\/wp\/v2\/types\/page"}],"author":[{"embeddable":true,"href":"https:\/\/meetvalue.de\/index.php\/wp-json\/wp\/v2\/users\/1"}],"replies":[{"embeddable":true,"href":"https:\/\/meetvalue.de\/index.php\/wp-json\/wp\/v2\/comments?post=139"}],"version-history":[{"count":6,"href":"https:\/\/meetvalue.de\/index.php\/wp-json\/wp\/v2\/pages\/139\/revisions"}],"predecessor-version":[{"id":269,"href":"https:\/\/meetvalue.de\/index.php\/wp-json\/wp\/v2\/pages\/139\/revisions\/269"}],"wp:attachment":[{"href":"https:\/\/meetvalue.de\/index.php\/wp-json\/wp\/v2\/media?parent=139"}],"curies":[{"name":"wp","href":"https:\/\/api.w.org\/{rel}","templated":true}]}}