{"id":17,"date":"2025-03-22T10:17:01","date_gmt":"2025-03-22T10:17:01","guid":{"rendered":"https:\/\/meetvalue.de\/?page_id=17"},"modified":"2025-05-05T12:32:23","modified_gmt":"2025-05-05T12:32:23","slug":"meetvalue-vertieft","status":"publish","type":"page","link":"https:\/\/meetvalue.de\/index.php\/meetvalue-vertieft\/","title":{"rendered":"MeetValue &#8211; Vertieft"},"content":{"rendered":"\n<h2 class=\"wp-block-heading has-text-color has-link-color wp-elements-ed7dbb966c16459db3c6ef8ee13ad31d\" style=\"color:#bb3e3e\"><strong>MeetValue<br>Situation von Meetings<br><\/strong><\/h2>\n\n\n\n<p><\/p>\n\n\n\n<p><\/p>\n\n\n\n<figure class=\"wp-block-image\" id=\"block-e96a5deb-7cd3-45c6-8ce6-c3ac191ca87a\"><img decoding=\"async\" src=\"https:\/\/meetvalue.de\/wp-content\/uploads\/2025\/04\/Praes-1-1024x606.png\" alt=\"Dieses Bild hat ein leeres Alt-Attribut. Der Dateiname ist Praes-1-1024x606.png\"\/><\/figure>\n\n\n\n<p><\/p>\n\n\n\n<p>Teilnehmersicht: <br>Wie die Wahrnehmung der Meeting-Qualit\u00e4t die Umsetzung bestimmt<\/p>\n\n\n\n<figure class=\"wp-block-image size-large\"><img loading=\"lazy\" decoding=\"async\" width=\"1024\" height=\"756\" src=\"https:\/\/meetvalue.de\/wp-content\/uploads\/2025\/04\/Praes-2-1024x756.png\" alt=\"\" class=\"wp-image-216\" srcset=\"https:\/\/meetvalue.de\/wp-content\/uploads\/2025\/04\/Praes-2-1024x756.png 1024w, https:\/\/meetvalue.de\/wp-content\/uploads\/2025\/04\/Praes-2-300x221.png 300w, https:\/\/meetvalue.de\/wp-content\/uploads\/2025\/04\/Praes-2-768x567.png 768w, https:\/\/meetvalue.de\/wp-content\/uploads\/2025\/04\/Praes-2.png 1184w\" sizes=\"auto, (max-width: 1024px) 100vw, 1024px\" \/><\/figure>\n\n\n\n<h2 class=\"wp-block-heading\" id=\"block-0be68736-ee3e-4768-a18d-70f4e52ef0e3\"><br><\/h2>\n\n\n\n<h2 class=\"wp-block-heading has-text-color has-link-color wp-elements-ea227b35e9c286dbfd0a2eee6efed3f8\" style=\"color:#bb3e3e\"><strong>MeetValue<br>ist begleitend<\/strong><\/h2>\n\n\n\n<p><strong>MeetValue ist individuell<\/strong><br>Besprechungs-Leitung ist ein inviduelles Gesch\u00e4ft: jede Person hat ihren Stil und ihre Erfahrungen &#8211; und ihre Potentiale.<br><br><strong>MeetValue ist interaktiv<\/strong><br>Basis ist das Gespr\u00e4ch, keine Unterrichtung &#8211; das Gespr\u00e4ch \u00fcber Ihre Erfahrungen und unsere Anregungen<br><br><strong>MeetValue ist konkret<\/strong><br>Konkrete Erfahrungen mit ihren Sitzungen ist die Ausgangsbasis. Strukturiert werden die Phasen eines Meetings besprochen:<br>Was war die Vorbereitung, wie war die Durchf\u00fchrung, welche Ergebnisse gab es.<br>Dann: welche Potentiale ergeben sich und welche Alternativen \/ Varianten sollten erprobt werden.<br><br><strong>MeetValue ist begleitend<\/strong><br>Parallel zu Ihren laufenden Erfahrungen aus den Meetings werden unsere Angebote f\u00fcr \u00c4nderungen zusammen reflektiert, individuell angepasst und umgesetzt &#8211; und es startet der n\u00e4chste Erfahrungscyclus.<\/p>\n\n\n\n<p><\/p>\n\n\n\n<h2 class=\"wp-block-heading has-text-color has-link-color wp-elements-87203e6117b72c6f543126d148c76626\" style=\"color:#bb3e3e\"><br><strong>MeetValue <br>ist strukturell<\/strong><\/h2>\n\n\n\n<p>Wir sind mit unserem Angebot weniger gruppendynamisch orientiert, sondern vorwiegend strukturell ausgerichtet:<\/p>\n\n\n\n<ul class=\"wp-block-list\">\n<li><strong>Kennenlernen Ihrer Situation<\/strong><br>Ihre Erfahrungen und Ideen sind Grundlage zur Fortentwicklung &#8211; sowie Einbeziehung betriebllicher Anforderungen<\/li>\n\n\n\n<li><strong>Konkrete Bearbeitung interaktiv<\/strong><br>Erfahrung: die Begleitung werden erfolgreicher, wenn konkret von Sitzung zu Sitzung verschiedene Leitungs-Themen f\u00fcr Ver\u00e4nderungen bearbeitet werden: also wie wird ausgew\u00e4hlt, vorbereitet und wie der Umsetzungserfolg \u00fcberpr\u00fcft.<\/li>\n\n\n\n<li><strong>Wichtige Grundlagen<\/strong><br>Einige Grundlagen bei Bedarf:<br>wie zB Leitung bleibt Leitung, was ist Information und was ben\u00f6tigt h\u00f6here Kreativit\u00e4t in der Besprechungsgruppe, klassisch: Zufriedenheitsfaktoren<\/li>\n\n\n\n<li><strong>Ihre Vorbereitung<\/strong><br>Leitungs-Vorbereitungen der thematischen und f\u00fchrungstechnischen Anforderungen der n\u00e4chsten Sitzung<\/li>\n\n\n\n<li><strong>Der Leitungs-Prozess<\/strong><br>Prozessdurchf\u00fchrung und Potentialaktivierung der Beteiligten<\/li>\n\n\n\n<li><strong>Bearbeitungs-Abschluss<\/strong><br>Entscheidungen, Vereinbarungen zu Themen<\/li>\n\n\n\n<li><strong>Umsetzungen der Sitzungsthemen<\/strong><br>Verfahren zur Umsetzungspr\u00fcfung von Entscheidungen<\/li>\n\n\n\n<li><strong>Nachbereitung: Beitrag zur Potentialentwicklung<\/strong><br>Ihre erreichten Ver\u00e4nderungen und weitere Ziele<\/li>\n<\/ul>\n\n\n\n<div class=\"wp-block-buttons is-layout-flex wp-block-buttons-is-layout-flex\">\n<div class=\"wp-block-button\"><a class=\"wp-block-button__link has-background wp-element-button\" href=\"https:\/\/meetvalue.de\/index.php\/meetvalue\/\" style=\"background-color:#bb3e3e\">zur\u00fcck<\/a><\/div>\n<\/div>\n\n\n\n<p><\/p>\n","protected":false},"excerpt":{"rendered":"<p>MeetValueSituation von Meetings Teilnehmersicht: Wie die Wahrnehmung der Meeting-Qualit\u00e4t die Umsetzung bestimmt MeetValueist begleitend MeetValue ist individuellBesprechungs-Leitung ist ein inviduelles Gesch\u00e4ft: jede Person hat ihren Stil und ihre Erfahrungen &#8211; und ihre Potentiale. MeetValue ist interaktivBasis ist das Gespr\u00e4ch, keine Unterrichtung &#8211; das Gespr\u00e4ch \u00fcber Ihre Erfahrungen und unsere Anregungen MeetValue ist konkretKonkrete Erfahrungen mit [&hellip;]<\/p>\n","protected":false},"author":1,"featured_media":0,"parent":0,"menu_order":0,"comment_status":"closed","ping_status":"closed","template":"","meta":{"footnotes":""},"class_list":["post-17","page","type-page","status-publish","hentry"],"_links":{"self":[{"href":"https:\/\/meetvalue.de\/index.php\/wp-json\/wp\/v2\/pages\/17","targetHints":{"allow":["GET"]}}],"collection":[{"href":"https:\/\/meetvalue.de\/index.php\/wp-json\/wp\/v2\/pages"}],"about":[{"href":"https:\/\/meetvalue.de\/index.php\/wp-json\/wp\/v2\/types\/page"}],"author":[{"embeddable":true,"href":"https:\/\/meetvalue.de\/index.php\/wp-json\/wp\/v2\/users\/1"}],"replies":[{"embeddable":true,"href":"https:\/\/meetvalue.de\/index.php\/wp-json\/wp\/v2\/comments?post=17"}],"version-history":[{"count":17,"href":"https:\/\/meetvalue.de\/index.php\/wp-json\/wp\/v2\/pages\/17\/revisions"}],"predecessor-version":[{"id":333,"href":"https:\/\/meetvalue.de\/index.php\/wp-json\/wp\/v2\/pages\/17\/revisions\/333"}],"wp:attachment":[{"href":"https:\/\/meetvalue.de\/index.php\/wp-json\/wp\/v2\/media?parent=17"}],"curies":[{"name":"wp","href":"https:\/\/api.w.org\/{rel}","templated":true}]}}