{"id":336,"date":"2025-05-05T13:00:53","date_gmt":"2025-05-05T13:00:53","guid":{"rendered":"https:\/\/meetvalue.de\/?page_id=336"},"modified":"2025-05-05T13:24:56","modified_gmt":"2025-05-05T13:24:56","slug":"prozesse","status":"publish","type":"page","link":"https:\/\/meetvalue.de\/index.php\/prozesse\/","title":{"rendered":"Prozesse"},"content":{"rendered":"\n<h2 class=\"wp-block-heading\"><strong>Prozess-Perspektive<\/strong><\/h2>\n\n\n\n<p class=\"has-text-align-center\"><strong>Weniger<\/strong>: <br>Wir haben den Fokus weniger auf die <br><strong>gruppendynamischen<\/strong><br><strong>Prozesse<\/strong> <br>in Meetings gerichtet (so wichtig sie sind), weil ihre Komplexit\u00e4t vielfach sehr hoch ist und die Situation in der Regel nur gemeinsam mit der Leitung und den Teilnehmerinnen, Teilnehmern ver\u00e4nderbar ist.<br><br><strong>Vor allem<\/strong>: <br>Wir betrachten die <br><strong>themenbezogenen<\/strong><br><strong>Prozesse<\/strong><br>und die Vorbereitungen im Sinne von <strong>prepared mind <\/strong>als f\u00fcr ausserordentlich wichtig f\u00fcr das Meeting-Management in MeetValue. <br><br>Wir geben wichtige Hinweise, wie innerhalb des Prozess-Managements das Thema <br><strong>F\u00fchrung von F\u00fchrung<\/strong><br>besser gew\u00e4hrleistet wird &#8211; zumal viele Teilnehmerinnen und Teilnehmer in Meetings ja <strong>selbst F\u00fchrungskr\u00e4fte<\/strong> sind.<\/p>\n\n\n\n<p><\/p>\n","protected":false},"excerpt":{"rendered":"<p>Prozess-Perspektive Weniger: Wir haben den Fokus weniger auf die gruppendynamischenProzesse in Meetings gerichtet (so wichtig sie sind), weil ihre Komplexit\u00e4t vielfach sehr hoch ist und die Situation in der Regel nur gemeinsam mit der Leitung und den Teilnehmerinnen, Teilnehmern ver\u00e4nderbar ist. Vor allem: Wir betrachten die themenbezogenenProzesseund die Vorbereitungen im Sinne von prepared mind als [&hellip;]<\/p>\n","protected":false},"author":1,"featured_media":0,"parent":0,"menu_order":0,"comment_status":"closed","ping_status":"closed","template":"","meta":{"footnotes":""},"class_list":["post-336","page","type-page","status-publish","hentry"],"_links":{"self":[{"href":"https:\/\/meetvalue.de\/index.php\/wp-json\/wp\/v2\/pages\/336","targetHints":{"allow":["GET"]}}],"collection":[{"href":"https:\/\/meetvalue.de\/index.php\/wp-json\/wp\/v2\/pages"}],"about":[{"href":"https:\/\/meetvalue.de\/index.php\/wp-json\/wp\/v2\/types\/page"}],"author":[{"embeddable":true,"href":"https:\/\/meetvalue.de\/index.php\/wp-json\/wp\/v2\/users\/1"}],"replies":[{"embeddable":true,"href":"https:\/\/meetvalue.de\/index.php\/wp-json\/wp\/v2\/comments?post=336"}],"version-history":[{"count":7,"href":"https:\/\/meetvalue.de\/index.php\/wp-json\/wp\/v2\/pages\/336\/revisions"}],"predecessor-version":[{"id":354,"href":"https:\/\/meetvalue.de\/index.php\/wp-json\/wp\/v2\/pages\/336\/revisions\/354"}],"wp:attachment":[{"href":"https:\/\/meetvalue.de\/index.php\/wp-json\/wp\/v2\/media?parent=336"}],"curies":[{"name":"wp","href":"https:\/\/api.w.org\/{rel}","templated":true}]}}