{"id":6,"date":"2025-03-16T16:31:58","date_gmt":"2025-03-16T16:31:58","guid":{"rendered":"https:\/\/meetvalue.de\/?page_id=6"},"modified":"2025-05-07T07:29:14","modified_gmt":"2025-05-07T07:29:14","slug":"meetvalue","status":"publish","type":"page","link":"https:\/\/meetvalue.de\/index.php\/meetvalue\/","title":{"rendered":"MeetValue 1"},"content":{"rendered":"\n<p><\/p>\n\n\n\n<!DOCTYPE html>\n<html lang=\"de\">\n<head>\n    <meta charset=\"UTF-8\">\n    <meta name=\"viewport\" content=\"width=device-width, initial-scale=1.0\">\n    <title>MeetValue Propeller-Logo<\/title>\n    <style>\n        body {\n            display: flex;\n            flex-direction: column;\n            justify-content: flex-start;\n            align-items: center;\n            min-height: 100vh;\n            background-color: #f4f4f4;\n            padding-top: 50px;\n        }\n        .logo-container {\n            position: relative;\n            width: 250px;\n            height: auto;\n            text-align: center;\n            margin-bottom: 50px;\n        }\n        .propeller-container {\n            position: relative;\n            width: 200px;\n            height: 200px;\n            margin-top: 224px; \/* Tiefer gesetzt um ca. 4mm *\/\n        }\n        .rotating-shape {\n            position: absolute;\n            top: 324px; \/* Noch weiter nach unten verschoben *\/\n            left: 50%;\n            width: 100px;\n            height: 100px;\n            transform-origin: center;\n            transform: translate(-50%, -50%) rotate(0deg);\n        }\n        .arrow {\n            position: absolute;\n            width: 35px;\n            height: 35px;\n            background-color: green;\n            clip-path: polygon(50% 0%, 0% 100%, 100% 100%);\n        }\n        .arrow:nth-child(1) { top: 0; left: 35px; transform: rotate(0deg); }\n        .arrow:nth-child(2) { top: 35px; left: 70px; transform: rotate(90deg); }\n        .arrow:nth-child(3) { top: 70px; left: 35px; transform: rotate(180deg); }\n        .arrow:nth-child(4) { top: 35px; left: 0; transform: rotate(270deg); }\n    <\/style>\n<\/head>\n<body>\n    <div class=\"logo-container\">\n        <h1>.<\/h1>\n    <\/div>\n    <div class=\"propeller-container\">\n        <div class=\"rotating-shape\" id=\"propeller\">\n            <div class=\"arrow\"><\/div>\n            <div class=\"arrow\"><\/div>\n            <div class=\"arrow\"><\/div>\n            <div class=\"arrow\"><\/div>\n        <\/div>\n    <\/div>\n\n    <script>\n        const shape = document.getElementById(\"propeller\");\n        let currentAngle = 0;\n\n        function rotateToRandomAngle() {\n            const randomRotation = currentAngle + (Math.random() * 360 - 180);\n            const randomDuration = 750 + Math.random() * 1250; \/\/ Schnellere Bewegung\n\n            shape.style.transition = `transform ${randomDuration}ms ease-in-out`;\n            shape.style.transform = `translate(-50%, -50%) rotate(${randomRotation}deg)`;\n            currentAngle = randomRotation;\n\n            setTimeout(rotateToRandomAngle, randomDuration + 800);\n        }\n\n        setTimeout(rotateToRandomAngle, 2000);\n    <\/script>\n<\/body>\n<\/html>\n\n\n\n<figure class=\"wp-block-image aligncenter size-full is-resized\"><img loading=\"lazy\" decoding=\"async\" width=\"223\" height=\"224\" src=\"https:\/\/meetvalue.de\/wp-content\/uploads\/2025\/03\/Meetvalue-Logo-ohne-Inneres.png\" alt=\"\" class=\"wp-image-68\" style=\"width:202px;height:auto\" srcset=\"https:\/\/meetvalue.de\/wp-content\/uploads\/2025\/03\/Meetvalue-Logo-ohne-Inneres.png 223w, https:\/\/meetvalue.de\/wp-content\/uploads\/2025\/03\/Meetvalue-Logo-ohne-Inneres-150x150.png 150w\" sizes=\"auto, (max-width: 223px) 100vw, 223px\" \/><\/figure>\n\n\n\n<h1 class=\"wp-block-heading has-text-align-center has-text-color has-link-color wp-elements-ffcd28a2f975365919a88a7613257b06\" style=\"color:#bb3e3e\"><br><strong>MeetValue<\/strong><\/h1>\n\n\n\n<h2 class=\"wp-block-heading has-text-align-center has-text-color has-link-color wp-elements-cf293c85366e69f8ce758111d850d9ad\" style=\"color:#bb3e3e\"><br>Coaching f\u00fcr <strong>F\u00fchrungskr\u00e4fte<\/strong>, <br><br>die mehr aus ihren <strong>Sitzungen<\/strong> machen wollen.<\/h2>\n\n\n\n<p><\/p>\n\n\n\n<h1 class=\"wp-block-heading has-text-align-center has-text-color has-link-color wp-elements-bf1e15cb21181ea1a0164ab70554a54b\" style=\"color:#bb3e3e\"><br><br><strong>Verfahren<\/strong><\/h1>\n\n\n\n<p class=\"has-text-align-center\"><br><\/p>\n\n\n\n<h2 class=\"wp-block-heading has-text-align-center has-text-color has-link-color wp-elements-6642cd2109e4a7bca13072aa261f9ce2\" style=\"color:#bb3e3e\">Ihr <strong>F\u00fchrungsstil<\/strong> &#8211;<br>Ausgangspunkt f\u00fcr Entwicklung<br><br><strong>Impulse<\/strong> aus erprobten Konzepten<br><br><strong>Ver\u00e4nderungen<\/strong> durch praktische Anwendung und Erfahrung<br><br><\/h2>\n\n\n\n<h2 class=\"wp-block-heading has-text-color has-link-color wp-elements-e4444fcaf975e83a22ce41238151f199\" style=\"color:#bb3e3e\"><br><br><strong>Was ist MeetValue<\/strong><\/h2>\n\n\n\n<p>Mit MeetValue erreichen Sie mehr Strukturierung, Prozess-Klarheit und Ergebnis-Kontrolle f\u00fcr Ihre Meetings.<br><a href=\"http:\/\/meetvalue.de\/index.php\/was-ist\">Mehr zu MeetValue<\/a><\/p>\n\n\n\n<h2 class=\"wp-block-heading has-text-color has-link-color wp-elements-ebadaf088c0017057a55f321bbffd4b2\" style=\"color:#bb3e3e\"><br><strong>Wie wirkt MeetValue<\/strong><\/h2>\n\n\n\n<p>Individuell. Interaktiv. Systematisch.<br><a href=\"http:\/\/meetvalue.de\/index.php\/methodik\">Mehr zu Coaching in MeetValue<\/a> <\/p>\n\n\n\n<h2 class=\"wp-block-heading has-text-color has-link-color wp-elements-535a3985f0526d7ea257a026abe27a0e\" style=\"color:#bb3e3e\"><br><strong>Ihr Nutzen mit MeetValue<\/strong><\/h2>\n\n\n\n<p>Neben der Zeitersparnis erreichen Sie insbesondere: <br>Bessere Vorbereitung und Prozesse. Mehr Beteiligung und Zudriedenheit. Bessere Umsetzungen der Beschl\u00fcsse.<br><a href=\"http:\/\/meetvalue.de\/index.php\/nutzen\">Mehr zum Nutzen von MeetValue<\/a><br><\/p>\n\n\n\n<p><\/p>\n\n\n\n<h2 class=\"wp-block-heading has-text-color has-link-color wp-elements-03d730503d9bb8fbba3d26e849abce46\" style=\"color:#bb3e3e\"><strong>MeetValue und Werkzeuge<\/strong><\/h2>\n\n\n\n<p>Das <strong>Coaching von MeetValue<\/strong> wird begleitet von Komponenten, wie Sie das <strong>Prozess-Management<\/strong> von meetings systematisch verbessern.<\/p>\n\n\n\n<h2 class=\"wp-block-heading has-text-color has-link-color wp-elements-96fe77007234c7bdc846ac1f8d6ba211\" style=\"color:#1a3d6d\"><br><\/h2>\n\n\n\n<div class=\"wp-block-buttons is-content-justification-center is-layout-flex wp-container-core-buttons-is-layout-1 wp-block-buttons-is-layout-flex\">\n<div class=\"wp-block-button has-custom-width wp-block-button__width-75\"><a class=\"wp-block-button__link has-background wp-element-button\" href=\"http:\/\/zeeg.me\/holgervajen\" style=\"background-color:#bb3e3e\">Ihr kostenloses Erstgespr\u00e4ch<br>jetzt vereinbaren<\/a><\/div>\n<\/div>\n\n\n\n<h1 class=\"wp-block-heading has-text-align-center has-text-color has-link-color wp-elements-eb6cfb175808ae3200e44fd15397d3b4\" style=\"color:#1a3d6d\"><br><br><strong>MVPM<\/strong><\/h1>\n\n\n\n<p><\/p>\n\n\n\n<h2 class=\"wp-block-heading has-text-align-center has-text-color has-link-color wp-elements-4a0d0adfd829dad4ccfea583b11ff748\" style=\"color:#1a3d6d\"><strong>MeetValue<\/strong><br>+<br><strong>ProzessManagement<\/strong><br><br><br><\/h2>\n\n\n\n<h2 class=\"wp-block-heading has-text-color has-link-color wp-elements-55fb3c7a3e3a90c709616f5c62c4e7a3\" style=\"color:#1a3d6d\"><br><strong>Was ist MVPM<\/strong><\/h2>\n\n\n\n<p>MVPM liefert die Prozess-Komponenten f\u00fcr MeetValue, mit denen Sie Ihre  Prozesse wertsch\u00f6pfender ausrichten.<br><a href=\"https:\/\/meetvalue.de\/index.php\/werkzeuge\/\">Mehr zu MVPM<\/a><br><\/p>\n\n\n\n<p><\/p>\n\n\n\n<h2 class=\"wp-block-heading has-text-color has-link-color wp-elements-cd84efb7fa8773c3b6da2b0cb049ed03\" style=\"color:#1a3d6d\"><br><strong>Wie funktioniert MVPM<\/strong><\/h2>\n\n\n\n<p>F\u00fcr jede Meeting-Phase bietet MeetValue geeignete tools, aus denen Sie die f\u00fcr Ihre F\u00fchrungssituation passenden ausw\u00e4hlen oder anpassen und im laufenden Betrieb erproben.<br><a href=\"https:\/\/meetvalue.de\/index.php\/tools\/\">Mehr zu den tools<\/a><br><br><br><\/p>\n\n\n\n<h2 class=\"wp-block-heading has-text-color has-link-color wp-elements-2bc846b31eb5cb6c580132469b4b8df6\" style=\"color:#1a3d6d\"><strong>Warum Prozess-Management <\/strong><\/h2>\n\n\n\n<p>F\u00fcr die <strong>Prozess-Perspektive<\/strong> unterscheiden wir gruppendynamische von themenbezogenen Prozessen. <br><br>Es ist f\u00fcr Leitungspersonen vielfach einfacher, die <strong>themenbezogenen Prozesse<\/strong> mit Erfolg zu ver\u00e4ndern, weshalb wir uns mit Ihnen auf diese Vorg\u00e4nge konzentrieren. Und wir k\u00f6nnen Fortschritte individuell mit Ihnen erreichen &#8211; ohne direkt mit der gesamten Gruppe zu arbeiten.<br><br>Leitung von Meetings ist die Leitung von Gruppen. Insofern sind auch bei themenbezogener Prozessentwicklung immer auch der Gruppeneffekt eingeschlossen. Beispiel wir  bieten Ihnen Kompetenzentwicklung zum Thema <strong>&#8222;F\u00fchrung von F\u00fchrung&#8220; <\/strong>(F\u00fchrungskr\u00e4fte als Sitzungsteilnehmer).<br><a href=\"https:\/\/meetvalue.de\/index.php\/prozesse\/\" data-type=\"page\" data-id=\"336\">Mehr zu Prozess-Management<\/a><br><br><\/p>\n\n\n\n<h1 class=\"wp-block-heading has-text-align-center\"><strong>MeetValue + MVPM<\/strong><\/h1>\n\n\n\n<h2 class=\"wp-block-heading has-text-align-center has-contrast-color has-text-color has-link-color wp-elements-f303de355097836b5a87ca9cd3360c98\">Integration von <br><br><strong>Coaching<\/strong> <br>+ <br><strong>Tools<\/strong><br>+<br><strong>Prozess-Management<\/strong><\/h2>\n\n\n\n<p class=\"has-text-align-center\"><br><\/p>\n\n\n\n<div class=\"wp-block-buttons is-content-justification-center is-layout-flex wp-container-core-buttons-is-layout-2 wp-block-buttons-is-layout-flex\">\n<div class=\"wp-block-button has-custom-width wp-block-button__width-75\"><a class=\"wp-block-button__link has-accent-6-background-color has-text-color has-background has-link-color wp-element-button\" href=\"https:\/\/meetvalue.de\/index.php\/meetvalue-vertieft\/\" style=\"color:#bb3e3e\">Weitere vertiefende <br>MeetValue Informationen<\/a><\/div>\n<\/div>\n\n\n\n<p><\/p>\n\n\n\n<p><\/p>\n\n\n\n<p><\/p>\n\n\n\n<p><\/p>\n\n\n\n<p><\/p>\n\n\n\n<div class=\"wp-block-buttons is-content-justification-center is-layout-flex wp-container-core-buttons-is-layout-3 wp-block-buttons-is-layout-flex\">\n<div class=\"wp-block-button has-custom-width wp-block-button__width-75\"><a class=\"wp-block-button__link has-background wp-element-button\" style=\"background-color:#bb3e3e\"><strong>Ihr kostenloses Erstgespr\u00e4ch<br>jetzt vereinbaren<\/strong><\/a><\/div>\n<\/div>\n\n\n\n<p><br><\/p>\n\n\n\n<p><\/p>\n\n\n\n<p><\/p>\n\n\n\n<p><\/p>\n\n\n\n<p><\/p>\n\n\n\n<p><\/p>\n\n\n\n<p><\/p>\n\n\n\n<h2 class=\"wp-block-heading has-text-color has-link-color wp-elements-0d9a1318eadd28d1586df901f16ca503\" style=\"color:#bb3e3e\"><strong><strong>MeetValue &#8211; Vorgespr\u00e4ch<\/strong><\/strong><\/h2>\n\n\n\n<p>Im Rahmen des Vorgespr\u00e4chs wird vereinbart, welche Schwerpunkte mit MeetValue bearbeitet werden und danach ergeben sich bezogen auf das Leitungsniveau erste Absch\u00e4tzungen zum Bedarf an Zeit und Budget. <br><br>Es wird auch einbezogen, ob eine Assistenzfunktion f\u00fcr die Vorbereitung der TOPs von meetings vorhanden ist.<br><\/p>\n\n\n\n<p><\/p>\n\n\n\n<p><\/p>\n\n\n\n<div class=\"wp-block-buttons is-content-justification-center is-layout-flex wp-container-core-buttons-is-layout-4 wp-block-buttons-is-layout-flex\">\n<div class=\"wp-block-button has-custom-width wp-block-button__width-75\"><a class=\"wp-block-button__link has-background has-text-align-center wp-element-button\" href=\"http:\/\/zeeg.me\/holgervajen\" style=\"background-color:#bb3e3e\"><br><strong>Ihr kostenloses Erstgespr\u00e4ch<br>jetzt vereinbaren<\/strong><br><\/a><\/div>\n<\/div>\n\n\n\n<p>.<\/p>\n\n\n\n<p><\/p>\n\n\n\n<p><\/p>\n\n\n\n<p><\/p>\n\n\n\n<figure class=\"wp-block-image aligncenter size-full is-resized\"><img loading=\"lazy\" decoding=\"async\" width=\"512\" height=\"512\" src=\"https:\/\/meetvalue.de\/wp-content\/uploads\/2025\/03\/cropped-Logo-meetsoft.png\" alt=\"\" class=\"wp-image-25\" style=\"width:108px;height:auto\" srcset=\"https:\/\/meetvalue.de\/wp-content\/uploads\/2025\/03\/cropped-Logo-meetsoft.png 512w, https:\/\/meetvalue.de\/wp-content\/uploads\/2025\/03\/cropped-Logo-meetsoft-300x300.png 300w, https:\/\/meetvalue.de\/wp-content\/uploads\/2025\/03\/cropped-Logo-meetsoft-150x150.png 150w, https:\/\/meetvalue.de\/wp-content\/uploads\/2025\/03\/cropped-Logo-meetsoft-270x270.png 270w, https:\/\/meetvalue.de\/wp-content\/uploads\/2025\/03\/cropped-Logo-meetsoft-192x192.png 192w, https:\/\/meetvalue.de\/wp-content\/uploads\/2025\/03\/cropped-Logo-meetsoft-180x180.png 180w, https:\/\/meetvalue.de\/wp-content\/uploads\/2025\/03\/cropped-Logo-meetsoft-32x32.png 32w\" sizes=\"auto, (max-width: 512px) 100vw, 512px\" \/><\/figure>\n\n\n\n<h2 class=\"wp-block-heading has-text-align-center has-text-color has-link-color wp-elements-c3031851ff20e11aca245a1d9a2e8ae5\" style=\"color:#bb3e3e\"><br><strong>MeetValue-Mission<\/strong><br><br>Your Leadership <br>creates meeting value,<br><br><strong>when<\/strong> <br><br><em>value leads <br>Your Leadership<\/em><\/h2>\n\n\n\n<p><\/p>\n\n\n\n<p><\/p>\n\n\n\n<p class=\"has-text-align-center\"><br><\/p>\n\n\n\n<figure class=\"wp-block-image aligncenter size-full is-resized\"><img loading=\"lazy\" decoding=\"async\" width=\"512\" height=\"512\" src=\"https:\/\/meetvalue.de\/wp-content\/uploads\/2025\/03\/cropped-Logo-meetsoft.png\" alt=\"\" class=\"wp-image-25\" style=\"width:108px;height:auto\" srcset=\"https:\/\/meetvalue.de\/wp-content\/uploads\/2025\/03\/cropped-Logo-meetsoft.png 512w, https:\/\/meetvalue.de\/wp-content\/uploads\/2025\/03\/cropped-Logo-meetsoft-300x300.png 300w, https:\/\/meetvalue.de\/wp-content\/uploads\/2025\/03\/cropped-Logo-meetsoft-150x150.png 150w, https:\/\/meetvalue.de\/wp-content\/uploads\/2025\/03\/cropped-Logo-meetsoft-270x270.png 270w, https:\/\/meetvalue.de\/wp-content\/uploads\/2025\/03\/cropped-Logo-meetsoft-192x192.png 192w, https:\/\/meetvalue.de\/wp-content\/uploads\/2025\/03\/cropped-Logo-meetsoft-180x180.png 180w, https:\/\/meetvalue.de\/wp-content\/uploads\/2025\/03\/cropped-Logo-meetsoft-32x32.png 32w\" sizes=\"auto, (max-width: 512px) 100vw, 512px\" \/><\/figure>\n\n\n\n<p><br><br><\/p>\n\n\n\n<p><\/p>\n\n\n\n<h1 class=\"wp-block-heading\"><strong>MeetValue &#8211; Team<\/strong><\/h1>\n\n\n\n<p>Unser Senioren-Team stellt Ihnen Jahrzehnte erfolgreicher Organisationsentwicklung zur Verf\u00fcgung. <br>Wir konzentrieren uns hier auf das Thema: Leitung von Meetings <br><\/p>\n\n\n\n<figure class=\"wp-block-image size-full\"><img loading=\"lazy\" decoding=\"async\" width=\"128\" height=\"128\" src=\"https:\/\/meetvalue.de\/wp-content\/uploads\/2025\/05\/grafik.png\" alt=\"\" class=\"wp-image-321\"\/><\/figure>\n\n\n\n<h2 class=\"wp-block-heading\"><strong>Holger Vajen<\/strong><\/h2>\n\n\n\n<p>Zertifizierter Arbeits- und Organisationspsychologe<br><br>Leiter des Institut HAO: <br>Hamburgische Arbeitswissenschaft und Organisationsentwicklung<br><br><\/p>\n\n\n\n<figure class=\"wp-block-image size-full is-resized\"><img loading=\"lazy\" decoding=\"async\" width=\"125\" height=\"79\" src=\"https:\/\/meetvalue.de\/wp-content\/uploads\/2025\/05\/grafik-1.png\" alt=\"\" class=\"wp-image-322\" style=\"width:180px;height:auto\"\/><\/figure>\n\n\n\n<figure class=\"wp-block-image size-full is-resized\"><img loading=\"lazy\" decoding=\"async\" width=\"640\" height=\"640\" src=\"https:\/\/meetvalue.de\/wp-content\/uploads\/2025\/05\/grafik-2.png\" alt=\"\" class=\"wp-image-326\" style=\"width:169px;height:auto\" srcset=\"https:\/\/meetvalue.de\/wp-content\/uploads\/2025\/05\/grafik-2.png 640w, https:\/\/meetvalue.de\/wp-content\/uploads\/2025\/05\/grafik-2-300x300.png 300w, https:\/\/meetvalue.de\/wp-content\/uploads\/2025\/05\/grafik-2-150x150.png 150w\" sizes=\"auto, (max-width: 640px) 100vw, 640px\" \/><\/figure>\n\n\n\n<h2 class=\"wp-block-heading\"><strong>Gabriel Geis<\/strong><\/h2>\n\n\n\n<p>Diplom: Arbeits- und Organisationspsychologie<br><br>Geis Unternehmens- und Personalentwicklung<br><br>Coach im Deutschen Bundesverband Coaching e.V.<br><\/p>\n\n\n\n<h2 class=\"wp-block-heading\"><strong>Beispiele f\u00fcr Erfahrungen und Umsetzungen mit Meetings<\/strong><\/h2>\n\n\n\n<p><strong>Produktionsprozesse<\/strong><br>Begleitung von Leitungsbesprechungen: von der Pr\u00e4sention zur Interaktion; von der Probleminformation zu ihrer Wertaufbereitung (Organisationales Lernen)<br>Airbus Industries, Hamburg<br><br><strong>IT &#8211; Wirtschaftsentwicklung<\/strong><br>Kommunikation und Prozessentwicklung auf Landesebene f\u00fcr die Entwicklung und Vernetzung von IT-Unternehmen<br>Schleswig-Holstein<br><br><em><strong>Konflikt-Meetings<\/strong><br>xxxx<br>Lufthansa Cargo, Frankfurt<\/em><br><br><strong>Grenz\u00fcberschreitende Meetings <\/strong><br>Kulturelle Differenzen im Prozessmangement am Beispiel IHK Kooperation<br>(S\u00fcdj\u00fctland, Flensburg und Kreis Schleswig)<br><br><strong>F\u00fchrung und Team<\/strong><br>Teamunterst\u00fctzte F\u00fchrung im Revier; direktes Coaching von obersten F\u00fchrungsbespechungen<br>Polizei, Hamburg<br><br><strong>Prozess-Management<\/strong><br>F\u00fchrung sowie F\u00fchrung von F\u00fchrung am Beispiel von Besprechungen<br>ZF, Friedrichshafen<\/p>\n\n\n\n<h2 class=\"wp-block-heading\"><br><strong>Unsere Erfahrung<\/strong><\/h2>\n\n\n\n<p><strong>Organisationsentwicklung<\/strong><br>Wir verf\u00fcgen \u00fcber Jahrzehnte an Erfahrungen in Aufgaben zur Organisationsentwicklung in vielen Branchen, Themen und Situationen.<br><br><strong>Leitungspersonen<\/strong><br>Auf diesem Fundament ist MeetValue speziell f\u00fcr Leitungspersonen von Meetings entwickelt worden.<br><br><strong>Prozess-Management<\/strong><br>Unsere Erfahrung ist, dass Leitungs-Prozesse von Meetings vielfach deutlich leistungsf\u00e4higer sein k\u00f6nnen &#8211; gerade auch im Vergleich zu anderen hochentwickelten Prozesse in Organsiationen.<br><br><strong>Fokus Leitungsperson<\/strong><br>Wir konzentrieren uns auf die Leitungsperson, weil sie einen hohen Einfluss auf die Qualit\u00e4t der Meetings haben. <br><br>Und weil wir unser Angebot auch als Insell\u00f6sung (zB nur f\u00fcr eine Person) in einer Organisation anbieten k\u00f6nnen &#8211; ohne das gesamte Organisationssystem anfassen zu m\u00fcssen.<\/p>\n\n\n\n<p>Wir bieten daher eine Kombination aus Coaching f\u00fcr die individuelle Situation und MVPM f\u00fcr die methodischen Grundlage an.<br><br><strong>Individuelle Umsetzungen<\/strong><br>In der individuellen Arbeit entstehen dann unterschiedliche \u00c4nderungsmuster, die aus der praktischen Auseinandersetzung und Begleitung mit den individuellen Meeting-Prozessen entstehen.<\/p>\n\n\n\n<p><\/p>\n\n\n\n<p><\/p>\n\n\n\n<p><br><\/p>\n\n\n\n<h2 class=\"wp-block-heading\"><strong>Impressum<\/strong><br><\/h2>\n\n\n\n<p>Adresse: <br>HAO, SoftValue <br>Telefon: <br>Direkt mobil auf Holger Vajen<br>Verantwortlich Publikation<br>Holger Vajen<br><br>Gesetzliches<br>xxxx<\/p>\n\n\n\n<p><\/p>\n","protected":false},"excerpt":{"rendered":"<p>MeetValue Propeller-Logo . MeetValue Coaching f\u00fcr F\u00fchrungskr\u00e4fte, die mehr aus ihren Sitzungen machen wollen. Verfahren Ihr F\u00fchrungsstil &#8211;Ausgangspunkt f\u00fcr Entwicklung Impulse aus erprobten Konzepten Ver\u00e4nderungen durch praktische Anwendung und Erfahrung Was ist MeetValue Mit MeetValue erreichen Sie mehr Strukturierung, Prozess-Klarheit und Ergebnis-Kontrolle f\u00fcr Ihre Meetings.Mehr zu MeetValue Wie wirkt MeetValue Individuell. Interaktiv. Systematisch.Mehr zu Coaching [&hellip;]<\/p>\n","protected":false},"author":1,"featured_media":0,"parent":0,"menu_order":0,"comment_status":"closed","ping_status":"closed","template":"","meta":{"footnotes":""},"class_list":["post-6","page","type-page","status-publish","hentry"],"_links":{"self":[{"href":"https:\/\/meetvalue.de\/index.php\/wp-json\/wp\/v2\/pages\/6","targetHints":{"allow":["GET"]}}],"collection":[{"href":"https:\/\/meetvalue.de\/index.php\/wp-json\/wp\/v2\/pages"}],"about":[{"href":"https:\/\/meetvalue.de\/index.php\/wp-json\/wp\/v2\/types\/page"}],"author":[{"embeddable":true,"href":"https:\/\/meetvalue.de\/index.php\/wp-json\/wp\/v2\/users\/1"}],"replies":[{"embeddable":true,"href":"https:\/\/meetvalue.de\/index.php\/wp-json\/wp\/v2\/comments?post=6"}],"version-history":[{"count":233,"href":"https:\/\/meetvalue.de\/index.php\/wp-json\/wp\/v2\/pages\/6\/revisions"}],"predecessor-version":[{"id":394,"href":"https:\/\/meetvalue.de\/index.php\/wp-json\/wp\/v2\/pages\/6\/revisions\/394"}],"wp:attachment":[{"href":"https:\/\/meetvalue.de\/index.php\/wp-json\/wp\/v2\/media?parent=6"}],"curies":[{"name":"wp","href":"https:\/\/api.w.org\/{rel}","templated":true}]}}